{"id":56,"date":"2020-04-29T14:00:57","date_gmt":"2020-04-29T14:00:57","guid":{"rendered":"http:\/\/bootsverleih-biggesee.de\/?page_id=56"},"modified":"2025-06-12T07:34:13","modified_gmt":"2025-06-12T07:34:13","slug":"gruppen","status":"publish","type":"page","link":"http:\/\/bootsverleih-biggesee.de\/?page_id=56","title":{"rendered":"Gruppen"},"content":{"rendered":"\n<figure class=\"wp-block-image is-style-rounded\"><a href=\"http:\/\/www.biggesee-tretboote.de\/files\/bilder\/bei-jedem-wetter.jpg\"><img decoding=\"async\" src=\"http:\/\/www.biggesee-tretboote.de\/assets\/images\/4\/bei-jedem-wetter-e48dfdd4.jpg\" alt=\"\"\/><\/a><\/figure>\n\n\n\n<p>Schul- und Betriebsausfl\u00fcge m\u00fcssen nicht trocken und humorlos, sondern k\u00f6nnen auch feucht-fr\u00f6hlich sein. Nat\u00fcrlich k\u00f6nnt Ihr bei uns Boote f\u00fcr Gruppen mit bis zu 60 Personen leihen.<\/p>\n\n\n\n<p>Aufgrund der begrenzten Anzahl an Booten k\u00f6nnen wir Gruppenanfragen nur nach Terminabsprache und au\u00dferhalb des \u00f6ffentlichen Betriebes wahrnehmen.<\/p>\n","protected":false},"excerpt":{"rendered":"<p>Schul- und Betriebsausfl\u00fcge m\u00fcssen nicht trocken und humorlos, sondern k\u00f6nnen auch feucht-fr\u00f6hlich sein. Nat\u00fcrlich k\u00f6nnt Ihr bei uns Boote f\u00fcr<\/p>\n","protected":false},"author":1,"featured_media":0,"parent":0,"menu_order":0,"comment_status":"closed","ping_status":"closed","template":"","meta":[],"_links":{"self":[{"href":"http:\/\/bootsverleih-biggesee.de\/index.php?rest_route=\/wp\/v2\/pages\/56"}],"collection":[{"href":"http:\/\/bootsverleih-biggesee.de\/index.php?rest_route=\/wp\/v2\/pages"}],"about":[{"href":"http:\/\/bootsverleih-biggesee.de\/index.php?rest_route=\/wp\/v2\/types\/page"}],"author":[{"embeddable":true,"href":"http:\/\/bootsverleih-biggesee.de\/index.php?rest_route=\/wp\/v2\/users\/1"}],"replies":[{"embeddable":true,"href":"http:\/\/bootsverleih-biggesee.de\/index.php?rest_route=%2Fwp%2Fv2%2Fcomments&post=56"}],"version-history":[{"count":4,"href":"http:\/\/bootsverleih-biggesee.de\/index.php?rest_route=\/wp\/v2\/pages\/56\/revisions"}],"predecessor-version":[{"id":553,"href":"http:\/\/bootsverleih-biggesee.de\/index.php?rest_route=\/wp\/v2\/pages\/56\/revisions\/553"}],"wp:attachment":[{"href":"http:\/\/bootsverleih-biggesee.de\/index.php?rest_route=%2Fwp%2Fv2%2Fmedia&parent=56"}],"curies":[{"name":"wp","href":"https:\/\/api.w.org\/{rel}","templated":true}]}}