{"id":38,"date":"2020-04-29T13:41:38","date_gmt":"2020-04-29T13:41:38","guid":{"rendered":"http:\/\/bootsverleih-biggesee.de\/?page_id=38"},"modified":"2024-07-06T20:02:14","modified_gmt":"2024-07-06T20:02:14","slug":"kontakt","status":"publish","type":"page","link":"http:\/\/bootsverleih-biggesee.de\/?page_id=38","title":{"rendered":"Kontakt"},"content":{"rendered":"\n<p>Ihr findet uns am s\u00fcdlichen Ortsrand von Sondern, zwischen den St\u00e4dten Olpe und Attendorn, im sch\u00f6nen Sauerland.<\/p>\n\n\n\n<p>An den Ortseing\u00e4ngen befinden sich jeweils gro\u00dfe Parkpl\u00e4tze. Von dort sind es nur wenige Gehminuten \u00fcber die Seepromenade zu unserem Bootsverleih.&nbsp;<\/p>\n\n\n\n<p><strong>Kontakt:<\/strong><\/p>\n\n\n\n<p class=\"has-text-align-center\">Bootsverleih Biggesee<\/p>\n\n\n\n<p class=\"has-text-align-center\">Konrad Sch\u00fcrmann<\/p>\n\n\n\n<p class=\"has-text-align-center\">Strandweg 25, 7462 Olpe-Sondern<\/p>\n\n\n\n<p class=\"has-text-align-center\">Telefon: 0171\/2848833<\/p>\n\n\n\n<p class=\"has-text-align-center\">E-Mail: BootsverleihBiggesee@web.de<\/p>\n\n\n\n<figure><iframe loading=\"lazy\" src=\"https:\/\/www.google.com\/maps\/embed?pb=!1m18!1m12!1m3!1d2507.0080231371276!2d7.84026781515222!3d51.07140195030902!2m3!1f0!2f0!3f0!3m2!1i1024!2i768!4f13.1!3m3!1m2!1s0x47beacdb2081eef9%3A0x365b5fa4ba860fc6!2sBootsverleih%20Biggesee!5e0!3m2!1sde!2sde!4v1588168022396!5m2!1sde!2sde\" width=\"600\" height=\"450\" allowfullscreen=\"\"><\/iframe><\/figure>\n","protected":false},"excerpt":{"rendered":"<p>Ihr findet uns am s\u00fcdlichen Ortsrand von Sondern, zwischen den St\u00e4dten Olpe und Attendorn, im sch\u00f6nen Sauerland. An den Ortseing\u00e4ngen<\/p>\n","protected":false},"author":1,"featured_media":0,"parent":0,"menu_order":0,"comment_status":"closed","ping_status":"closed","template":"","meta":[],"_links":{"self":[{"href":"http:\/\/bootsverleih-biggesee.de\/index.php?rest_route=\/wp\/v2\/pages\/38"}],"collection":[{"href":"http:\/\/bootsverleih-biggesee.de\/index.php?rest_route=\/wp\/v2\/pages"}],"about":[{"href":"http:\/\/bootsverleih-biggesee.de\/index.php?rest_route=\/wp\/v2\/types\/page"}],"author":[{"embeddable":true,"href":"http:\/\/bootsverleih-biggesee.de\/index.php?rest_route=\/wp\/v2\/users\/1"}],"replies":[{"embeddable":true,"href":"http:\/\/bootsverleih-biggesee.de\/index.php?rest_route=%2Fwp%2Fv2%2Fcomments&post=38"}],"version-history":[{"count":13,"href":"http:\/\/bootsverleih-biggesee.de\/index.php?rest_route=\/wp\/v2\/pages\/38\/revisions"}],"predecessor-version":[{"id":431,"href":"http:\/\/bootsverleih-biggesee.de\/index.php?rest_route=\/wp\/v2\/pages\/38\/revisions\/431"}],"wp:attachment":[{"href":"http:\/\/bootsverleih-biggesee.de\/index.php?rest_route=%2Fwp%2Fv2%2Fmedia&parent=38"}],"curies":[{"name":"wp","href":"https:\/\/api.w.org\/{rel}","templated":true}]}}