{"id":344,"date":"2023-06-17T11:23:35","date_gmt":"2023-06-17T11:23:35","guid":{"rendered":"http:\/\/bootsverleih-biggesee.de\/?page_id=344"},"modified":"2026-04-15T10:22:45","modified_gmt":"2026-04-15T10:22:45","slug":"boote-und-preise","status":"publish","type":"page","link":"http:\/\/bootsverleih-biggesee.de\/?page_id=344","title":{"rendered":"Boote und Preise"},"content":{"rendered":"\n<p class=\"has-large-font-size\"><strong>Tretboot<\/strong>e<\/p>\n\n\n\n<p><strong>15 Euro ( 30 Minuten ) \/ 20 Euro ( 60 Minuten )<\/strong><\/p>\n\n\n\n<p>Preis gilt pro Boot max 5 Personen <\/p>\n\n\n\n<p>Hunde sind auf unseren Tretbooten erlaubt. Je nach Gr\u00f6\u00dfe und Gewicht sind diese als vollwertige Person zu z\u00e4hlen<\/p>\n\n\n\n<p>Hunde sind auf unseren Tretbooten erlaubt. Je nach Gr\u00f6\u00dfe und Gewicht sind diese als vollwertige Person zu z\u00e4hlen<\/p>\n\n\n\n<p>&#x203c;&#xfe0f;<strong>Tretboote sind nicht Reservierbar&#x203c;&#xfe0f;<\/strong><\/p>\n\n\n\n<figure class=\"wp-block-image size-full is-resized\"><img decoding=\"async\" loading=\"lazy\" width=\"768\" height=\"1024\" src=\"http:\/\/bootsverleih-biggesee.de\/wp-content\/uploads\/2023\/04\/image_editor_output_image702454818-1682880385776.jpg\" alt=\"\" class=\"wp-image-335\" style=\"width:331px;height:441px\" srcset=\"http:\/\/bootsverleih-biggesee.de\/wp-content\/uploads\/2023\/04\/image_editor_output_image702454818-1682880385776.jpg 768w, http:\/\/bootsverleih-biggesee.de\/wp-content\/uploads\/2023\/04\/image_editor_output_image702454818-1682880385776-225x300.jpg 225w\" sizes=\"(max-width: 768px) 100vw, 768px\" \/><\/figure>\n\n\n\n<p class=\"has-large-font-size\"><strong>Elektro-Boote<\/strong><\/p>\n\n\n\n<p>Mo-Fr<\/p>\n\n\n\n<p><strong>50 Euro ( 60 Minuten ) \/ 95 Euro ( 120 Minuten )<\/strong> \/ <strong>135 Euro ( 180 Minuten )<\/strong> <strong>PLUS 250 Euro Kaution in bar <\/strong><\/p>\n\n\n\n<p>Sa\/So-Feiertage-Br\u00fcckentage<\/p>\n\n\n\n<p><strong>60 Euro ( 60 Minuten ) \/ 110 Euro ( 120 Minuten )<\/strong> \/ <strong>150 Euro ( 180 Minuten )<\/strong> <strong>PLUS 250 Euro Kaution in bar<\/strong><\/p>\n\n\n\n<p>Unsere Elektroboote bieten angenehm Platz f\u00fcr bis zu 6 Personen (auch Kinder sind vollwertige Crewmitglieder) und d\u00fcrfen ohne F\u00fchrerschein gefahren werden. Der E-Motor garantiert ein gem\u00fctliches, anstrengungsfreies Vorankommen bei max 6 Kmh. Die Boote sind zus\u00e4tzlich mit&nbsp; einem kleinem Staufach im Bug, gepolsterter Sitzfl\u00e4che und R\u00fcckenlehne sowie einem Tisch und Sonnendach (Bimini) ausgestattet. F\u00fcr das Badevergn\u00fcgen ist im Heck eine Plattform sowie eine Leiter angebracht. Luxus pur also f\u00fcr ein paar tolle Stunden auf dem Biggesee<\/p>\n\n\n\n<figure class=\"wp-block-image size-large\"><img decoding=\"async\" loading=\"lazy\" width=\"768\" height=\"1024\" src=\"http:\/\/bootsverleih-biggesee.de\/wp-content\/uploads\/2023\/07\/IMG_20230708_135708-768x1024.jpg\" alt=\"\" class=\"wp-image-512\" srcset=\"http:\/\/bootsverleih-biggesee.de\/wp-content\/uploads\/2023\/07\/IMG_20230708_135708-768x1024.jpg 768w, http:\/\/bootsverleih-biggesee.de\/wp-content\/uploads\/2023\/07\/IMG_20230708_135708-225x300.jpg 225w, http:\/\/bootsverleih-biggesee.de\/wp-content\/uploads\/2023\/07\/IMG_20230708_135708-1152x1536.jpg 1152w, http:\/\/bootsverleih-biggesee.de\/wp-content\/uploads\/2023\/07\/IMG_20230708_135708-1536x2048.jpg 1536w, http:\/\/bootsverleih-biggesee.de\/wp-content\/uploads\/2023\/07\/IMG_20230708_135708-scaled.jpg 1920w\" sizes=\"(max-width: 768px) 100vw, 768px\" \/><\/figure>\n\n\n\n<figure class=\"wp-block-image\"><img decoding=\"async\" loading=\"lazy\" width=\"768\" height=\"1024\" src=\"http:\/\/bootsverleih-biggesee.de\/wp-content\/uploads\/2023\/07\/IMG_20230708_135651-768x1024.jpg\" alt=\"\" class=\"wp-image-513\" srcset=\"http:\/\/bootsverleih-biggesee.de\/wp-content\/uploads\/2023\/07\/IMG_20230708_135651-768x1024.jpg 768w, http:\/\/bootsverleih-biggesee.de\/wp-content\/uploads\/2023\/07\/IMG_20230708_135651-225x300.jpg 225w, http:\/\/bootsverleih-biggesee.de\/wp-content\/uploads\/2023\/07\/IMG_20230708_135651-1152x1536.jpg 1152w, http:\/\/bootsverleih-biggesee.de\/wp-content\/uploads\/2023\/07\/IMG_20230708_135651-1536x2048.jpg 1536w, http:\/\/bootsverleih-biggesee.de\/wp-content\/uploads\/2023\/07\/IMG_20230708_135651-scaled.jpg 1920w\" sizes=\"(max-width: 768px) 100vw, 768px\" \/><\/figure>\n\n\n\n<p><\/p>\n\n\n\n<h1 class=\"wp-block-heading\">Regeln f\u00fcr die Vermietung des E-Bootes &#8220; und h\u00e4ufig gestellte Fragen<\/h1>\n\n\n\n<p><strong>Ist ein Bootsf\u00fchrerschein n\u00f6tig?<\/strong><\/p>\n\n\n\n<p>Die Boote sind F\u00fchrerscheinfrei. Die geistige und k\u00f6rperliche Eignung, ein Boot zu f\u00fchren ist Voraussetzung. Auch bei z.Bsp. Wind muss der Bootsf\u00fchrer in der Lage sein , das Boot sicher an-und abzulegen.<\/p>\n\n\n\n<p><strong>Mindestalter\/Kaution<\/strong><\/p>\n\n\n\n<p>Das Mindestalter ist 18 Jahre. Bitte f\u00fchren Sie Ihren Personalausweis mit. Wir erheben eine Kaution von 250 Euro in bar.<\/p>\n\n\n\n<p><strong>Wo kann man Parken?<\/strong><\/p>\n\n\n\n<p>Es gibt in der N\u00e4he (vor dem Ort) mehrere kostenlose Parkpl\u00e4tze (entspr.beschildert.)  Von dort sind es wenige Gehminuten bis zu uns<\/p>\n\n\n\n<p><strong>Wie bezahlt man?<\/strong><\/p>\n\n\n\n<p>Der Mietpreis sowie die Kaution von 250 Euro muss bei Anmietung in Bar bezahlt werden, weil die elektronischen Systeme auf Steganlagen nur bedingt zuverl\u00e4ssig funktionieren.<\/p>\n\n\n\n<p><strong>Sind Reservierungen m\u00f6glich?<\/strong><\/p>\n\n\n\n<p>Unser Elektro-Boote k\u00f6nnen, ab einer Mietzeit von zwei Stunden, schriftliche per E-Mail (BootsverleihBiggesee@web.de) angefragt werden. <\/p>\n\n\n\n<p>Wir k\u00f6nnen fr\u00fchstens vier Tage vor der Buchung ( bzgl des Wetters), und bis 18 Uhr des Vortages Anfragen ber\u00fccksichtigen.<\/p>\n\n\n\n<p>Kurzfristige Anfragen nehmen wir gerne vor Ort an unserer Steganlage und nach Verf\u00fcgbarkeit der Boote entgegen.<\/p>\n\n\n\n<p><strong>Rettungswesten<\/strong><\/p>\n\n\n\n<p>Nichtschwimmer m\u00fcssen an Bord eine Weste tragen. Sie bekommen diese bei uns in allen Gr\u00f6\u00dfen kostenlos ausgeliehen.<\/p>\n\n\n\n<p><strong>Wie ist das mit der Haftung?<\/strong><\/p>\n\n\n\n<p>Die Benutzung der Boote erfolgt auf eigene Gefahr. Der Bootsmieter ist vollumf\u00e4nglich haftbar f\u00fcr die w\u00e4hrend der Mietzeit entstandenen Sch\u00e4den. Wir empfehlen den Abschluss einer Privat-Haftpflichtversicherung.<\/p>\n\n\n\n<p><strong>Anfang und Ende der Mietzeit<\/strong><\/p>\n\n\n\n<p>Die Mietzeit beginnt mit der Anmietung. Einsteigen, Einweisung und R\u00fcckgabe sind Bestandteil der Mietzeit. Bitte bedenken Sie, dass zumeist andere Mieter die Zeit nach Ihnen gemietet haben. Deswegen erwarten wir das Boot p\u00fcnktlich zur vereinbarten Zeit zur\u00fcck. Eine Eigenm\u00e4chtige Zeitverl\u00e4ngerung ist ohne Absprache mit uns nicht erlaubt. Versp\u00e4tungen m\u00fcssen wir pro angefangene Stunde nachberechnen.<\/p>\n\n\n\n<p><strong>Einweisung<\/strong><\/p>\n\n\n\n<p>Sie erhalten von uns eine Einweisung in die Funktionen des Bootes sowie Informationen und wichtige Fahrregeln, die unbedingt befolgt werden m\u00fcssen, damit Sie Ihre Fahrt unbeschwert genie\u00dfen k\u00f6nnen.<\/p>\n\n\n\n<p><strong>Crewwechsel<\/strong><\/p>\n\n\n\n<p>Es ist nicht erlaubt, nach der Einweisung andere Personen an Bord zu nehmen oder den Bootsf\u00fchrer zu wechseln.<\/p>\n\n\n\n<p><strong>R\u00fcckgabe<\/strong><\/p>\n\n\n\n<p>Wir erwarten die Boote ,wie \u00fcbernommen , in sauberem, trockenem, Zustand zur\u00fcck. Anderenfalls m\u00fcssen wir den erforderlichen Reinigungsaufwand berechnen. Bitte respektieren Sie die Natur. M\u00fcll sollte in eine M\u00fcllt\u00fcte und nicht in den See.<\/p>\n\n\n\n<p><strong>Rauchen<\/strong><\/p>\n\n\n\n<p>Rauchen ist auf den Booten grunds\u00e4tzlich nicht gestattet.<\/p>\n\n\n\n<p><strong>Hunde und ander Tiere<\/strong><\/p>\n\n\n\n<p>Sind auf diesen Booten<strong> nicht <\/strong>erlaubt<\/p>\n\n\n\n<p><strong>Alkohol etc.<\/strong><\/p>\n\n\n\n<p>F\u00fcr den Bootsf\u00fchrer gilt 0 Promille. F\u00fcr die Crew ist der Alkoholgenuss nur in sehr kleinen Mengen erlaubt, die die Sicherheit und die Handhabung des Bootes nicht beeintr\u00e4chtigen. Drogenkonsum ist strikt verboten.<\/p>\n","protected":false},"excerpt":{"rendered":"<p>Tretboote 15 Euro ( 30 Minuten ) \/ 20 Euro ( 60 Minuten ) Preis gilt pro Boot max 5<\/p>\n","protected":false},"author":2,"featured_media":0,"parent":0,"menu_order":0,"comment_status":"closed","ping_status":"closed","template":"","meta":[],"_links":{"self":[{"href":"http:\/\/bootsverleih-biggesee.de\/index.php?rest_route=\/wp\/v2\/pages\/344"}],"collection":[{"href":"http:\/\/bootsverleih-biggesee.de\/index.php?rest_route=\/wp\/v2\/pages"}],"about":[{"href":"http:\/\/bootsverleih-biggesee.de\/index.php?rest_route=\/wp\/v2\/types\/page"}],"author":[{"embeddable":true,"href":"http:\/\/bootsverleih-biggesee.de\/index.php?rest_route=\/wp\/v2\/users\/2"}],"replies":[{"embeddable":true,"href":"http:\/\/bootsverleih-biggesee.de\/index.php?rest_route=%2Fwp%2Fv2%2Fcomments&post=344"}],"version-history":[{"count":24,"href":"http:\/\/bootsverleih-biggesee.de\/index.php?rest_route=\/wp\/v2\/pages\/344\/revisions"}],"predecessor-version":[{"id":584,"href":"http:\/\/bootsverleih-biggesee.de\/index.php?rest_route=\/wp\/v2\/pages\/344\/revisions\/584"}],"wp:attachment":[{"href":"http:\/\/bootsverleih-biggesee.de\/index.php?rest_route=%2Fwp%2Fv2%2Fmedia&parent=344"}],"curies":[{"name":"wp","href":"https:\/\/api.w.org\/{rel}","templated":true}]}}