{"id":33,"date":"2020-04-29T13:34:36","date_gmt":"2020-04-29T13:34:36","guid":{"rendered":"http:\/\/bootsverleih-biggesee.de\/?page_id=33"},"modified":"2026-04-02T06:40:52","modified_gmt":"2026-04-02T06:40:52","slug":"willkommen-an-bord","status":"publish","type":"page","link":"http:\/\/bootsverleih-biggesee.de\/","title":{"rendered":"Willkommen an Bord"},"content":{"rendered":"\n<h2 class=\"wp-block-heading has-text-align-center elementor-heading-title elementor-size-default\">&#x2693;Saisonstart 05.04.26&#x2693;<\/h2>\n\n\n\n<p>Es hei\u00dft wieder &#8222;Leinen Los&#8220; und durchatmen.<\/p>\n\n\n\n<p>Wir freuen uns riesig, dich zur neuen Saison 2026 bei uns am Steg begr\u00fc\u00dfen zu d\u00fcrfen. Ob du alter Hase oder Landratte bist, mit der Familie, Partner oder Freunden kommst. Euer Turn auf dem Biggesee ist ab Ostersonntag wieder m\u00f6glich.<\/p>\n\n\n\n<p><strong>Ahoi<\/strong><\/p>\n\n\n\n<p class=\"has-text-align-left\">20 Tret- und Elektroboote warten nur darauf, in See zu stechen.<\/p>\n\n\n\n<figure class=\"wp-block-image size-large\"><img decoding=\"async\" loading=\"lazy\" width=\"768\" height=\"1024\" src=\"http:\/\/bootsverleih-biggesee.de\/wp-content\/uploads\/2023\/06\/IMG_20230616_112012_836-768x1024.webp\" alt=\"\" class=\"wp-image-463\" srcset=\"http:\/\/bootsverleih-biggesee.de\/wp-content\/uploads\/2023\/06\/IMG_20230616_112012_836-768x1024.webp 768w, http:\/\/bootsverleih-biggesee.de\/wp-content\/uploads\/2023\/06\/IMG_20230616_112012_836-225x300.webp 225w, http:\/\/bootsverleih-biggesee.de\/wp-content\/uploads\/2023\/06\/IMG_20230616_112012_836.webp 1080w\" sizes=\"(max-width: 768px) 100vw, 768px\" \/><\/figure>\n\n\n\n<p class=\"has-text-align-center has-white-color has-text-color\"><\/p>\n\n\n\n<p class=\"has-text-align-center\"><strong>\u00d6ffnungzeiten<\/strong> hier klicken <\/p>\n\n\n\n<ul class=\"wp-block-social-links is-layout-flex\">\n\n\n\n\n\n\n\n<li class=\"wp-social-link wp-social-link-google wp-block-social-link\"><a href=\"https:\/\/www.google.com\/search?q=bootsverleih+biggesee+%C3%B6ffnungszeiten&#038;oq=bootsverleih+biggesee+%C3%B6&#038;gs_lcrp=EgZjaHJvbWUqBwgBECEYoAEyBggAEEUYOTIHCAEQIRigATIHCAIQIRigAdIBCDcxNzRqMGo5qAIOsAIB8QVnMmY1FPajRQ&#038;client=ms-android-xiaomi&#038;sourceid=chrome-mobile&#038;ie=UTF-8\" class=\"wp-block-social-link-anchor\"><svg width=\"24\" height=\"24\" viewBox=\"0 0 24 24\" version=\"1.1\" xmlns=\"http:\/\/www.w3.org\/2000\/svg\" aria-hidden=\"true\" focusable=\"false\"><path d=\"M12.02,10.18v3.72v0.01h5.51c-0.26,1.57-1.67,4.22-5.5,4.22c-3.31,0-6.01-2.75-6.01-6.12s2.7-6.12,6.01-6.12 c1.87,0,3.13,0.8,3.85,1.48l2.84-2.76C16.99,2.99,14.73,2,12.03,2c-5.52,0-10,4.48-10,10s4.48,10,10,10c5.77,0,9.6-4.06,9.6-9.77 c0-0.83-0.11-1.42-0.25-2.05H12.02z\"><\/path><\/svg><span class=\"wp-block-social-link-label screen-reader-text\">\u00d6ffnungszeiten<\/span><\/a><\/li>\n\n<\/ul>\n\n\n\n<p class=\"has-text-align-left\">Genie\u00df die klare Seeluft und das leichte Pl\u00e4tschern des Wassers abseits \u00fcberf\u00fcllter Strandb\u00e4der. Erkunde Buchten, die kein Ausflugsdampfer erreicht. Nur Du und Deine Crew in der wundersch\u00f6nen Umgebung des S\u00fcdsauerlandes.<\/p>\n\n\n\n<p class=\"has-text-align-left\">Ob bei einem gem\u00fctlichem Turn mit einem unserer Elektroboote oder mit einem Tretboot ins k\u00fchle Nass eintauchen, lass den Alltag hinter dir um Beine sowie Seele an der Reling baumeln zu lassen&#8230; Sonnenbad inklusive.<\/p>\n\n\n\n<p class=\"has-text-align-left has-vivid-cyan-blue-color has-text-color\">Die letzten Boote werden 1 Stunde vor Gesch\u00e4ftsschluss herausgegeben.<br \/>Bitte seh von telefonischen Nachfragen ab da wir w\u00e4hrend der \u00d6ffnungszeiten mit der Bootsvermietung besch\u00e4ftigt sind.<\/p>\n\n\n\n<p class=\"has-text-align-left\"><strong>Ahoi und immer eine handbreit Wasser unterm Kiel!<\/strong><\/p>\n","protected":false},"excerpt":{"rendered":"<p>&#x2693;Saisonstart 05.04.26&#x2693; Es hei\u00dft wieder &#8222;Leinen Los&#8220; und durchatmen. Wir freuen uns riesig, dich zur neuen Saison 2026 bei uns<\/p>\n","protected":false},"author":1,"featured_media":0,"parent":0,"menu_order":0,"comment_status":"closed","ping_status":"closed","template":"","meta":[],"_links":{"self":[{"href":"http:\/\/bootsverleih-biggesee.de\/index.php?rest_route=\/wp\/v2\/pages\/33"}],"collection":[{"href":"http:\/\/bootsverleih-biggesee.de\/index.php?rest_route=\/wp\/v2\/pages"}],"about":[{"href":"http:\/\/bootsverleih-biggesee.de\/index.php?rest_route=\/wp\/v2\/types\/page"}],"author":[{"embeddable":true,"href":"http:\/\/bootsverleih-biggesee.de\/index.php?rest_route=\/wp\/v2\/users\/1"}],"replies":[{"embeddable":true,"href":"http:\/\/bootsverleih-biggesee.de\/index.php?rest_route=%2Fwp%2Fv2%2Fcomments&post=33"}],"version-history":[{"count":91,"href":"http:\/\/bootsverleih-biggesee.de\/index.php?rest_route=\/wp\/v2\/pages\/33\/revisions"}],"predecessor-version":[{"id":582,"href":"http:\/\/bootsverleih-biggesee.de\/index.php?rest_route=\/wp\/v2\/pages\/33\/revisions\/582"}],"wp:attachment":[{"href":"http:\/\/bootsverleih-biggesee.de\/index.php?rest_route=%2Fwp%2Fv2%2Fmedia&parent=33"}],"curies":[{"name":"wp","href":"https:\/\/api.w.org\/{rel}","templated":true}]}}